{"id":543,"date":"2021-10-06T10:01:57","date_gmt":"2021-10-06T10:01:57","guid":{"rendered":"https:\/\/www.jh-metal.cz\/?page_id=543"},"modified":"2023-02-03T11:57:13","modified_gmt":"2023-02-03T11:57:13","slug":"home","status":"publish","type":"page","link":"https:\/\/www.jh-metal.cz\/","title":{"rendered":"Dom\u016f"},"content":{"rendered":"\t\t<div data-elementor-type=\"wp-page\" data-elementor-id=\"543\" class=\"elementor elementor-543\">\n\t\t\t\t\t\t\t\t\t<section class=\"elementor-section elementor-top-section elementor-element elementor-element-e4de2f0 elementor-section-boxed elementor-section-height-default elementor-section-height-default\" data-id=\"e4de2f0\" data-element_type=\"section\">\n\t\t\t\t\t\t<div class=\"elementor-container elementor-column-gap-default\">\n\t\t\t\t\t<div class=\"elementor-column elementor-col-100 elementor-top-column elementor-element elementor-element-40b343c\" data-id=\"40b343c\" data-element_type=\"column\">\n\t\t\t<div class=\"elementor-widget-wrap elementor-element-populated\">\n\t\t\t\t\t\t\t\t<div class=\"elementor-element elementor-element-8263032 elementor-widget elementor-widget-image\" data-id=\"8263032\" data-element_type=\"widget\" data-widget_type=\"image.default\">\n\t\t\t\t<div class=\"elementor-widget-container\">\n\t\t\t<style>\/*! elementor - v3.9.1 - 14-12-2022 *\/\n.elementor-widget-image{text-align:center}.elementor-widget-image a{display:inline-block}.elementor-widget-image a img[src$=\".svg\"]{width:48px}.elementor-widget-image img{vertical-align:middle;display:inline-block}<\/style>\t\t\t\t\t\t\t\t\t\t\t\t<img width=\"300\" height=\"40\" src=\"https:\/\/www.jh-metal.cz\/wp-content\/uploads\/2023\/02\/logo-text-2-300x40.png\" class=\"attachment-medium size-medium wp-image-1103\" alt=\"\" loading=\"lazy\" srcset=\"https:\/\/www.jh-metal.cz\/wp-content\/uploads\/2023\/02\/logo-text-2-300x40.png 300w, https:\/\/www.jh-metal.cz\/wp-content\/uploads\/2023\/02\/logo-text-2-1024x138.png 1024w, https:\/\/www.jh-metal.cz\/wp-content\/uploads\/2023\/02\/logo-text-2-768x103.png 768w, https:\/\/www.jh-metal.cz\/wp-content\/uploads\/2023\/02\/logo-text-2.png 1181w\" sizes=\"(max-width: 300px) 100vw, 300px\" style=\"width:100%;height:13.46%;max-width:1181px\" \/>\t\t\t\t\t\t\t\t\t\t\t\t\t\t\t<\/div>\n\t\t\t\t<\/div>\n\t\t\t\t<section class=\"elementor-section elementor-inner-section elementor-element elementor-element-8496f04 elementor-section-boxed elementor-section-height-default elementor-section-height-default\" data-id=\"8496f04\" data-element_type=\"section\">\n\t\t\t\t\t\t<div class=\"elementor-container elementor-column-gap-default\">\n\t\t\t\t\t<div class=\"elementor-column elementor-col-50 elementor-inner-column elementor-element elementor-element-342817e\" data-id=\"342817e\" data-element_type=\"column\">\n\t\t\t<div class=\"elementor-widget-wrap elementor-element-populated\">\n\t\t\t\t\t\t\t\t<div class=\"elementor-element elementor-element-a9194d4 elementor-widget elementor-widget-image\" data-id=\"a9194d4\" data-element_type=\"widget\" data-widget_type=\"image.default\">\n\t\t\t\t<div class=\"elementor-widget-container\">\n\t\t\t\t\t\t\t\t\t\t\t\t\t\t\t<img width=\"2048\" height=\"1449\" src=\"https:\/\/www.jh-metal.cz\/wp-content\/uploads\/2021\/10\/daniel-smyth-mljzy6wKUpU-unsplash-2048x1449.jpg\" class=\"attachment-2048x2048 size-2048x2048 wp-image-417\" alt=\"\" loading=\"lazy\" srcset=\"https:\/\/www.jh-metal.cz\/wp-content\/uploads\/2021\/10\/daniel-smyth-mljzy6wKUpU-unsplash-2048x1449.jpg 2048w, https:\/\/www.jh-metal.cz\/wp-content\/uploads\/2021\/10\/daniel-smyth-mljzy6wKUpU-unsplash-300x212.jpg 300w, https:\/\/www.jh-metal.cz\/wp-content\/uploads\/2021\/10\/daniel-smyth-mljzy6wKUpU-unsplash-1024x725.jpg 1024w, https:\/\/www.jh-metal.cz\/wp-content\/uploads\/2021\/10\/daniel-smyth-mljzy6wKUpU-unsplash-768x543.jpg 768w, https:\/\/www.jh-metal.cz\/wp-content\/uploads\/2021\/10\/daniel-smyth-mljzy6wKUpU-unsplash-1536x1087.jpg 1536w\" sizes=\"(max-width: 2048px) 100vw, 2048px\" style=\"width:100%;height:70.74%;max-width:2560px\" \/>\t\t\t\t\t\t\t\t\t\t\t\t\t\t\t<\/div>\n\t\t\t\t<\/div>\n\t\t\t\t\t<\/div>\n\t\t<\/div>\n\t\t\t\t<div class=\"elementor-column elementor-col-50 elementor-inner-column elementor-element elementor-element-3eb4491\" data-id=\"3eb4491\" data-element_type=\"column\">\n\t\t\t<div class=\"elementor-widget-wrap elementor-element-populated\">\n\t\t\t\t\t\t\t\t<div class=\"elementor-element elementor-element-f6d66d0 elementor-widget elementor-widget-text-editor\" data-id=\"f6d66d0\" data-element_type=\"widget\" data-widget_type=\"text-editor.default\">\n\t\t\t\t<div class=\"elementor-widget-container\">\n\t\t\t<style>\/*! elementor - v3.9.1 - 14-12-2022 *\/\n.elementor-widget-text-editor.elementor-drop-cap-view-stacked .elementor-drop-cap{background-color:#818a91;color:#fff}.elementor-widget-text-editor.elementor-drop-cap-view-framed .elementor-drop-cap{color:#818a91;border:3px solid;background-color:transparent}.elementor-widget-text-editor:not(.elementor-drop-cap-view-default) .elementor-drop-cap{margin-top:8px}.elementor-widget-text-editor:not(.elementor-drop-cap-view-default) .elementor-drop-cap-letter{width:1em;height:1em}.elementor-widget-text-editor .elementor-drop-cap{float:left;text-align:center;line-height:1;font-size:50px}.elementor-widget-text-editor .elementor-drop-cap-letter{display:inline-block}<\/style>\t\t\t\t<p>\u00a0Na trhu p\u016fsob\u00edme od roku 2005. Zab\u00fdv\u00e1me se kusov\u00fdmi a malos\u00e9riov\u00fdmi zak\u00e1zkami. Zak\u00e1zky zpracov\u00e1v\u00e1me od n\u00e1vrhu technologick\u00e9ho postupu, p\u0159es samotnou v\u00fdrobu a dokon\u010dovac\u00ed pr\u00e1ce, povrchov\u00e9 \u00fapravy a kooperace a\u017e po mont\u00e1\u017e. Na\u0161e firma se osv\u011bd\u010dila konzistentn\u00ed kvalitou dod\u00e1van\u00fdch d\u00edlc\u016f a schopnost\u00ed vyrobit i komplikovan\u011bj\u0161\u00ed d\u00edlce s vysok\u00fdmi n\u00e1roky na p\u0159esnost a kvalitu.\u00a0<\/p>\t\t\t\t\t\t<\/div>\n\t\t\t\t<\/div>\n\t\t\t\t\t<\/div>\n\t\t<\/div>\n\t\t\t\t\t\t\t<\/div>\n\t\t<\/section>\n\t\t\t\t\t<\/div>\n\t\t<\/div>\n\t\t\t\t\t\t\t<\/div>\n\t\t<\/section>\n\t\t\t\t<section class=\"elementor-section elementor-top-section elementor-element elementor-element-e0a6c7c elementor-section-boxed elementor-section-height-default elementor-section-height-default\" data-id=\"e0a6c7c\" data-element_type=\"section\">\n\t\t\t\t\t\t<div class=\"elementor-container elementor-column-gap-default\">\n\t\t\t\t\t<div class=\"elementor-column elementor-col-100 elementor-top-column elementor-element elementor-element-8e4a74d\" data-id=\"8e4a74d\" data-element_type=\"column\">\n\t\t\t<div class=\"elementor-widget-wrap elementor-element-populated\">\n\t\t\t\t\t\t\t\t<section class=\"elementor-section elementor-inner-section elementor-element elementor-element-7405e03 elementor-section-boxed elementor-section-height-default elementor-section-height-default\" data-id=\"7405e03\" data-element_type=\"section\">\n\t\t\t\t\t\t<div class=\"elementor-container elementor-column-gap-default\">\n\t\t\t\t\t<div class=\"elementor-column elementor-col-50 elementor-inner-column elementor-element elementor-element-78d04a4\" data-id=\"78d04a4\" data-element_type=\"column\">\n\t\t\t<div class=\"elementor-widget-wrap elementor-element-populated\">\n\t\t\t\t\t\t\t\t<div class=\"elementor-element elementor-element-00338a8 elementor-widget elementor-widget-heading\" data-id=\"00338a8\" data-element_type=\"widget\" data-widget_type=\"heading.default\">\n\t\t\t\t<div class=\"elementor-widget-container\">\n\t\t\t<style>\/*! elementor - v3.9.1 - 14-12-2022 *\/\n.elementor-heading-title{padding:0;margin:0;line-height:1}.elementor-widget-heading .elementor-heading-title[class*=elementor-size-]>a{color:inherit;font-size:inherit;line-height:inherit}.elementor-widget-heading .elementor-heading-title.elementor-size-small{font-size:15px}.elementor-widget-heading .elementor-heading-title.elementor-size-medium{font-size:19px}.elementor-widget-heading .elementor-heading-title.elementor-size-large{font-size:29px}.elementor-widget-heading .elementor-heading-title.elementor-size-xl{font-size:39px}.elementor-widget-heading .elementor-heading-title.elementor-size-xxl{font-size:59px}<\/style><h2 class=\"elementor-heading-title elementor-size-default\">SPOLUPR\u00c1CE<\/h2>\t\t<\/div>\n\t\t\t\t<\/div>\n\t\t\t\t<div class=\"elementor-element elementor-element-5bb5d24 elementor-widget elementor-widget-text-editor\" data-id=\"5bb5d24\" data-element_type=\"widget\" data-widget_type=\"text-editor.default\">\n\t\t\t\t<div class=\"elementor-widget-container\">\n\t\t\t\t\t\t\tNa\u0161im z\u00e1kazn\u00edk\u016fm nab\u00edz\u00edme kompletn\u00ed servis a profesion\u00e1ln\u00ed postup v\u00fdroby. Jakmile obdr\u017e\u00edme objedn\u00e1vku, za\u010dneme vypracov\u00e1vat technologick\u00fd postup a optimalizovat cel\u00fd v\u00fdrobn\u00ed proces. Jsme schopni zajistit t\u00e9m\u011b\u0159 jak\u00fdkoli zp\u016fsob v\u00fdroby d\u00edky firm\u00e1m se kter\u00fdmi kooperujeme. V\u011bt\u0161ina pr\u00e1ce na d\u00edlc\u00edch nicm\u00e9n\u011b prob\u00edh\u00e1 intern\u011b -p\u0159\u00edmo u n\u00e1s na d\u00edln\u011b. Pokud se o na\u0161ich technologi\u00edch a p\u0159esn\u00fdch parametrech stroj\u016f chcete dozv\u011bd\u011bt v\u00edce, <a href=\"https:\/\/www.jh-metal.cz\/index.php\/2021\/10\/25\/nase-technologie\/\">klikn\u011bte zde.<\/a>\t\t\t\t\t\t<\/div>\n\t\t\t\t<\/div>\n\t\t\t\t\t<\/div>\n\t\t<\/div>\n\t\t\t\t<div class=\"elementor-column elementor-col-50 elementor-inner-column elementor-element elementor-element-0e96e41\" data-id=\"0e96e41\" data-element_type=\"column\">\n\t\t\t<div class=\"elementor-widget-wrap elementor-element-populated\">\n\t\t\t\t\t\t\t\t<div class=\"elementor-element elementor-element-b7fd696 elementor-widget elementor-widget-image\" data-id=\"b7fd696\" data-element_type=\"widget\" data-widget_type=\"image.default\">\n\t\t\t\t<div class=\"elementor-widget-container\">\n\t\t\t\t\t\t\t\t\t\t\t\t\t\t\t<img width=\"2048\" height=\"1536\" src=\"https:\/\/www.jh-metal.cz\/wp-content\/uploads\/2021\/12\/IMG_20211208_182034-2048x1536.jpg\" class=\"attachment-2048x2048 size-2048x2048 wp-image-859\" alt=\"\" loading=\"lazy\" srcset=\"https:\/\/www.jh-metal.cz\/wp-content\/uploads\/2021\/12\/IMG_20211208_182034-2048x1536.jpg 2048w, https:\/\/www.jh-metal.cz\/wp-content\/uploads\/2021\/12\/IMG_20211208_182034-300x225.jpg 300w, https:\/\/www.jh-metal.cz\/wp-content\/uploads\/2021\/12\/IMG_20211208_182034-1024x768.jpg 1024w, https:\/\/www.jh-metal.cz\/wp-content\/uploads\/2021\/12\/IMG_20211208_182034-768x576.jpg 768w, https:\/\/www.jh-metal.cz\/wp-content\/uploads\/2021\/12\/IMG_20211208_182034-1536x1152.jpg 1536w\" sizes=\"(max-width: 2048px) 100vw, 2048px\" style=\"width:100%;height:75%;max-width:2560px\" \/>\t\t\t\t\t\t\t\t\t\t\t\t\t\t\t<\/div>\n\t\t\t\t<\/div>\n\t\t\t\t\t<\/div>\n\t\t<\/div>\n\t\t\t\t\t\t\t<\/div>\n\t\t<\/section>\n\t\t\t\t<section class=\"elementor-section elementor-inner-section elementor-element elementor-element-b8f485a elementor-section-boxed elementor-section-height-default elementor-section-height-default\" data-id=\"b8f485a\" data-element_type=\"section\">\n\t\t\t\t\t\t<div class=\"elementor-container elementor-column-gap-default\">\n\t\t\t\t\t<div class=\"elementor-column elementor-col-50 elementor-inner-column elementor-element elementor-element-22488c1\" data-id=\"22488c1\" data-element_type=\"column\">\n\t\t\t<div class=\"elementor-widget-wrap elementor-element-populated\">\n\t\t\t\t\t\t\t\t<div class=\"elementor-element elementor-element-dee1092 elementor-widget elementor-widget-image\" data-id=\"dee1092\" data-element_type=\"widget\" data-widget_type=\"image.default\">\n\t\t\t\t<div class=\"elementor-widget-container\">\n\t\t\t\t\t\t\t\t\t\t\t\t\t\t\t<img width=\"2048\" height=\"2048\" src=\"https:\/\/www.jh-metal.cz\/wp-content\/uploads\/2021\/12\/ctvereeec-2048x2048.jpg\" class=\"attachment-2048x2048 size-2048x2048 wp-image-877\" alt=\"\" loading=\"lazy\" srcset=\"https:\/\/www.jh-metal.cz\/wp-content\/uploads\/2021\/12\/ctvereeec-2048x2048.jpg 2048w, https:\/\/www.jh-metal.cz\/wp-content\/uploads\/2021\/12\/ctvereeec-300x300.jpg 300w, https:\/\/www.jh-metal.cz\/wp-content\/uploads\/2021\/12\/ctvereeec-1024x1024.jpg 1024w, https:\/\/www.jh-metal.cz\/wp-content\/uploads\/2021\/12\/ctvereeec-150x150.jpg 150w, https:\/\/www.jh-metal.cz\/wp-content\/uploads\/2021\/12\/ctvereeec-768x768.jpg 768w, https:\/\/www.jh-metal.cz\/wp-content\/uploads\/2021\/12\/ctvereeec-1536x1536.jpg 1536w\" sizes=\"(max-width: 2048px) 100vw, 2048px\" style=\"width:100%;height:100%;max-width:2560px\" \/>\t\t\t\t\t\t\t\t\t\t\t\t\t\t\t<\/div>\n\t\t\t\t<\/div>\n\t\t\t\t\t<\/div>\n\t\t<\/div>\n\t\t\t\t<div class=\"elementor-column elementor-col-50 elementor-inner-column elementor-element elementor-element-fb9d636\" data-id=\"fb9d636\" data-element_type=\"column\">\n\t\t\t<div class=\"elementor-widget-wrap elementor-element-populated\">\n\t\t\t\t\t\t\t\t<div class=\"elementor-element elementor-element-43b3920 elementor-widget elementor-widget-heading\" data-id=\"43b3920\" data-element_type=\"widget\" data-widget_type=\"heading.default\">\n\t\t\t\t<div class=\"elementor-widget-container\">\n\t\t\t<h2 class=\"elementor-heading-title elementor-size-default\">3D tisk<\/h2>\t\t<\/div>\n\t\t\t\t<\/div>\n\t\t\t\t<div class=\"elementor-element elementor-element-6d9ac3a elementor-widget elementor-widget-text-editor\" data-id=\"6d9ac3a\" data-element_type=\"widget\" data-widget_type=\"text-editor.default\">\n\t\t\t\t<div class=\"elementor-widget-container\">\n\t\t\t\t\t\t\tPod\u00edvejte se, jak i V\u00e1m m\u016f\u017ee usnadnit 3D tisk pr\u00e1ci. Najdete zde v\u00fdpis na\u0161ich slu\u017eeb v oblasti aditivn\u00edch technologi\u00ed.Na\u0161e spole\u010dnost se vyzna\u010duje p\u0159edev\u0161\u00edm schopnost\u00ed dr\u017eet krok s popt\u00e1vkou z\u00e1kazn\u00edk\u016f a nab\u00edzet technologie schopn\u00e9 realizovat v\u00fdrobky, kter\u00e9 se dosud nach\u00e1zely pouze na obrazovk\u00e1ch po\u010d\u00edta\u010de v kancel\u00e1\u0159\u00edch konstrukt\u00e9r\u016f. <a href=\"https:\/\/www.jh-metal.cz\/index.php\/home\/3d\/\">Jak tedy 3D tisk pom\u00e1h\u00e1 modern\u00edm (nejen) stroj\u00edrensk\u00fdm firm\u00e1m?\t\t\t\t\t\t<\/div>\n\t\t\t\t<\/div>\n\t\t\t\t\t<\/div>\n\t\t<\/div>\n\t\t\t\t\t\t\t<\/div>\n\t\t<\/section>\n\t\t\t\t\t<\/div>\n\t\t<\/div>\n\t\t\t\t\t\t\t<\/div>\n\t\t<\/section>\n\t\t\t\t<section class=\"elementor-section elementor-top-section elementor-element elementor-element-94aab8e elementor-section-boxed elementor-section-height-default elementor-section-height-default\" data-id=\"94aab8e\" data-element_type=\"section\">\n\t\t\t\t\t\t<div class=\"elementor-container elementor-column-gap-default\">\n\t\t\t\t\t<div class=\"elementor-column elementor-col-100 elementor-top-column elementor-element elementor-element-0d1fd8b\" data-id=\"0d1fd8b\" data-element_type=\"column\">\n\t\t\t<div class=\"elementor-widget-wrap\">\n\t\t\t\t\t\t\t\t\t<\/div>\n\t\t<\/div>\n\t\t\t\t\t\t\t<\/div>\n\t\t<\/section>\n\t\t\t\t<section class=\"elementor-section elementor-top-section elementor-element elementor-element-b4090f0 elementor-section-boxed elementor-section-height-default elementor-section-height-default\" data-id=\"b4090f0\" data-element_type=\"section\">\n\t\t\t\t\t\t<div class=\"elementor-container elementor-column-gap-default\">\n\t\t\t\t\t<div class=\"elementor-column elementor-col-100 elementor-top-column elementor-element elementor-element-3ee45a1\" data-id=\"3ee45a1\" data-element_type=\"column\">\n\t\t\t<div class=\"elementor-widget-wrap elementor-element-populated\">\n\t\t\t\t\t\t\t\t<section class=\"elementor-section elementor-inner-section elementor-element elementor-element-869df61 elementor-section-boxed elementor-section-height-default elementor-section-height-default\" data-id=\"869df61\" data-element_type=\"section\">\n\t\t\t\t\t\t<div class=\"elementor-container elementor-column-gap-default\">\n\t\t\t\t\t<div class=\"elementor-column elementor-col-100 elementor-inner-column elementor-element elementor-element-7343cd9\" data-id=\"7343cd9\" data-element_type=\"column\">\n\t\t\t<div class=\"elementor-widget-wrap elementor-element-populated\">\n\t\t\t\t\t\t\t\t<div class=\"elementor-element elementor-element-a20c765 elementor-widget elementor-widget-obfx-posts-grid\" data-id=\"a20c765\" data-element_type=\"widget\" data-widget_type=\"obfx-posts-grid.default\">\n\t\t\t\t<div class=\"elementor-widget-container\">\n\t\t\t<div class=\"obfx-grid\"><div class=\"obfx-grid-container obfx-grid-desktop-3\"><\/div><!-- .obfx-grid-container --><\/div><!-- .obfx-grid -->\t\t<\/div>\n\t\t\t\t<\/div>\n\t\t\t\t\t<\/div>\n\t\t<\/div>\n\t\t\t\t\t\t\t<\/div>\n\t\t<\/section>\n\t\t\t\t\t<\/div>\n\t\t<\/div>\n\t\t\t\t\t\t\t<\/div>\n\t\t<\/section>\n\t\t\t\t<section class=\"elementor-section elementor-top-section elementor-element elementor-element-56bdf5d elementor-section-boxed elementor-section-height-default elementor-section-height-default\" data-id=\"56bdf5d\" data-element_type=\"section\">\n\t\t\t\t\t\t<div class=\"elementor-container elementor-column-gap-default\">\n\t\t\t\t\t<div class=\"elementor-column elementor-col-100 elementor-top-column elementor-element elementor-element-319e0f1\" data-id=\"319e0f1\" data-element_type=\"column\">\n\t\t\t<div class=\"elementor-widget-wrap elementor-element-populated\">\n\t\t\t\t\t\t\t\t<div class=\"elementor-element elementor-element-a90b741 elementor-widget elementor-widget-heading\" data-id=\"a90b741\" data-element_type=\"widget\" data-widget_type=\"heading.default\">\n\t\t\t\t<div class=\"elementor-widget-container\">\n\t\t\t<h2 class=\"elementor-heading-title elementor-size-default\">aktuality<\/h2>\t\t<\/div>\n\t\t\t\t<\/div>\n\t\t\t\t\t<\/div>\n\t\t<\/div>\n\t\t\t\t\t\t\t<\/div>\n\t\t<\/section>\n\t\t\t\t<section class=\"elementor-section elementor-top-section elementor-element elementor-element-1a7b4eb elementor-section-boxed elementor-section-height-default elementor-section-height-default\" data-id=\"1a7b4eb\" data-element_type=\"section\">\n\t\t\t\t\t\t<div class=\"elementor-container elementor-column-gap-default\">\n\t\t\t\t\t<div class=\"elementor-column elementor-col-100 elementor-top-column elementor-element elementor-element-6b1f311\" data-id=\"6b1f311\" data-element_type=\"column\">\n\t\t\t<div class=\"elementor-widget-wrap elementor-element-populated\">\n\t\t\t\t\t\t\t\t<div class=\"elementor-element elementor-element-4af2547 elementor-widget elementor-widget-obfx-posts-grid\" data-id=\"4af2547\" data-element_type=\"widget\" data-widget_type=\"obfx-posts-grid.default\">\n\t\t\t\t<div class=\"elementor-widget-container\">\n\t\t\t<div class=\"obfx-grid\"><div class=\"obfx-grid-container obfx-grid-desktop-3\"><div class=\"obfx-grid-wrapper\"><article class=\"obfx-grid-col\"><div class=\"obfx-grid-col-image\" ><a href=\"https:\/\/www.jh-metal.cz\/index.php\/2021\/09\/30\/probiha-udrzba-stranek\/\" title=\"Prob\u00edh\u00e1 \u00fadr\u017eba str\u00e1nek\"><img width=\"1200\" height=\"769\" src=\"https:\/\/www.jh-metal.cz\/wp-content\/uploads\/2021\/09\/2020-landscape-1-1.png\" class=\"img-responsive wp-post-image\" alt=\"Otev\u00edr\u00e1 se nov\u00e9 UMoMA\" loading=\"lazy\" srcset=\"https:\/\/www.jh-metal.cz\/wp-content\/uploads\/2021\/09\/2020-landscape-1-1.png 1200w, https:\/\/www.jh-metal.cz\/wp-content\/uploads\/2021\/09\/2020-landscape-1-1-300x192.png 300w, https:\/\/www.jh-metal.cz\/wp-content\/uploads\/2021\/09\/2020-landscape-1-1-1024x656.png 1024w, https:\/\/www.jh-metal.cz\/wp-content\/uploads\/2021\/09\/2020-landscape-1-1-768x492.png 768w\" sizes=\"(max-width: 1200px) 100vw, 1200px\" style=\"width:100%;height:64.08%;max-width:1200px;\" \/><\/a><\/div><div class=\"obfx-grid-col-content\">\t\t\t<h3 class=\"entry-title obfx-grid-title\">\n\t\t\t\t\t\t\t<a href=\"https:\/\/www.jh-metal.cz\/index.php\/2021\/09\/30\/probiha-udrzba-stranek\/\" title=\"Prob\u00edh\u00e1 \u00fadr\u017eba str\u00e1nek\">\n\t\t\t\t\tProb\u00edh\u00e1 \u00fadr\u017eba str\u00e1nek\t\t\t\t<\/a>\n\t\t\t\t\t\t\t<\/h3>\n\t\t\t\t\t\t\t<div class=\"entry-meta obfx-grid-meta\">\n\n\t\t\t\t\t\t\t\t\t\t\t\t\t<span class=\"obfx-grid-author\">\n\t\t\t\t\t\t\t\t\t<i class=\"fas fa-user\"><\/i>hw028758\t\t\t\t\t\t\t\t<\/span>\n\t\t\t\t\t\t\t\t\t\t\t\t\t\t\t\t<span class=\"obfx-grid-date\">\n\t\t\t\t\t\t\t\t\t<i class=\"fas fa-calendar\"><\/i>30 z\u00e1\u0159\u00ed, 2021\t\t\t\t\t\t\t\t<\/span>\n\t\t\t\t\t\t\t\t\n\t\t\t\t<\/div>\n\t\t\t\t\t\t\t<div class=\"entry-content obfx-grid-content\">\n\t\t\t\tStr\u00e1nky jsou moment\u00e1ln\u011b spravov\u00e1ny. N\u011bkter\u00e9 informace proto zat\u00edm nejsou dostupn\u00e9 a n\u011bkter\u00e9 komponenty nemus\u00ed b\u00fdt pln\u011b funk\u010dn\u00ed. D\u011bkujeme za pochopen\u00ed. V sekci Kontakt m\u016f\u017eete vyu\u017e\u00edt kontaktn\u00edho formul\u00e1\u0159e.\t\t\t<\/div>\n\t\t\t<\/div><\/article><\/div><\/div><!-- .obfx-grid-container --><\/div><!-- .obfx-grid -->\t\t<\/div>\n\t\t\t\t<\/div>\n\t\t\t\t\t<\/div>\n\t\t<\/div>\n\t\t\t\t\t\t\t<\/div>\n\t\t<\/section>\n\t\t\t\t\t\t\t<\/div>\n\t\t","protected":false},"excerpt":{"rendered":"<p>\u00a0Na trhu p\u016fsob\u00edme od roku 2005. Zab\u00fdv\u00e1me se kusov\u00fdmi a malos\u00e9riov\u00fdmi zak\u00e1zkami. Zak\u00e1zky zpracov\u00e1v\u00e1me od n\u00e1vrhu technologick\u00e9ho postupu, p\u0159es samotnou v\u00fdrobu a dokon\u010dovac\u00ed pr\u00e1ce, povrchov\u00e9 \u00fapravy a kooperace a\u017e po mont\u00e1\u017e. Na\u0161e firma se osv\u011bd\u010dila konzistentn\u00ed kvalitou dod\u00e1van\u00fdch d\u00edlc\u016f a schopnost\u00ed vyrobit i komplikovan\u011bj\u0161\u00ed d\u00edlce s vysok\u00fdmi n\u00e1roky na p\u0159esnost a kvalitu.\u00a0 SPOLUPR\u00c1CE Na\u0161im z\u00e1kazn\u00edk\u016fm&hellip; <a class=\"more-link\" href=\"https:\/\/www.jh-metal.cz\/index.php\/2021\/09\/30\/probiha-udrzba-stranek\/\">Pokra\u010dovat ve\u00a0\u010dten\u00ed <span class=\"screen-reader-text\">Prob\u00edh\u00e1 \u00fadr\u017eba str\u00e1nek<\/span><\/a><\/p>\n","protected":false},"author":1,"featured_media":750,"parent":0,"menu_order":0,"comment_status":"closed","ping_status":"closed","template":"elementor_header_footer","meta":{"_themeisle_gutenberg_block_has_review":false,"_ti_tpc_template_sync":false,"_ti_tpc_template_id":""},"_links":{"self":[{"href":"https:\/\/www.jh-metal.cz\/index.php\/wp-json\/wp\/v2\/pages\/543"}],"collection":[{"href":"https:\/\/www.jh-metal.cz\/index.php\/wp-json\/wp\/v2\/pages"}],"about":[{"href":"https:\/\/www.jh-metal.cz\/index.php\/wp-json\/wp\/v2\/types\/page"}],"author":[{"embeddable":true,"href":"https:\/\/www.jh-metal.cz\/index.php\/wp-json\/wp\/v2\/users\/1"}],"replies":[{"embeddable":true,"href":"https:\/\/www.jh-metal.cz\/index.php\/wp-json\/wp\/v2\/comments?post=543"}],"version-history":[{"count":83,"href":"https:\/\/www.jh-metal.cz\/index.php\/wp-json\/wp\/v2\/pages\/543\/revisions"}],"predecessor-version":[{"id":1122,"href":"https:\/\/www.jh-metal.cz\/index.php\/wp-json\/wp\/v2\/pages\/543\/revisions\/1122"}],"wp:featuredmedia":[{"embeddable":true,"href":"https:\/\/www.jh-metal.cz\/index.php\/wp-json\/wp\/v2\/media\/750"}],"wp:attachment":[{"href":"https:\/\/www.jh-metal.cz\/index.php\/wp-json\/wp\/v2\/media?parent=543"}],"curies":[{"name":"wp","href":"https:\/\/api.w.org\/{rel}","templated":true}]}}