{"id":475,"date":"2021-10-04T09:19:48","date_gmt":"2021-10-04T09:19:48","guid":{"rendered":"http:\/\/www.jh-metal.cz\/?page_id=475"},"modified":"2023-01-31T11:51:22","modified_gmt":"2023-01-31T11:51:22","slug":"nas-team","status":"publish","type":"page","link":"https:\/\/www.jh-metal.cz\/index.php\/nas-team\/","title":{"rendered":"N\u00e1\u0161 Team"},"content":{"rendered":"\t\t<div data-elementor-type=\"wp-page\" data-elementor-id=\"475\" class=\"elementor elementor-475\">\n\t\t\t\t\t\t\t\t\t<section class=\"elementor-section elementor-top-section elementor-element elementor-element-355fd13 elementor-section-boxed elementor-section-height-default elementor-section-height-default\" data-id=\"355fd13\" data-element_type=\"section\">\n\t\t\t\t\t\t<div class=\"elementor-container elementor-column-gap-default\">\n\t\t\t\t\t<div class=\"elementor-column elementor-col-100 elementor-top-column elementor-element elementor-element-9eeb96b\" data-id=\"9eeb96b\" data-element_type=\"column\">\n\t\t\t<div class=\"elementor-widget-wrap elementor-element-populated\">\n\t\t\t\t\t\t\t\t<div class=\"elementor-element elementor-element-4c32c1c elementor-position-top elementor-vertical-align-top elementor-widget elementor-widget-image-box\" data-id=\"4c32c1c\" data-element_type=\"widget\" data-widget_type=\"image-box.default\">\n\t\t\t\t<div class=\"elementor-widget-container\">\n\t\t\t<style>\/*! elementor - v3.9.1 - 14-12-2022 *\/\n.elementor-widget-image-box .elementor-image-box-content{width:100%}@media (min-width:768px){.elementor-widget-image-box.elementor-position-left .elementor-image-box-wrapper,.elementor-widget-image-box.elementor-position-right .elementor-image-box-wrapper{display:flex}.elementor-widget-image-box.elementor-position-right .elementor-image-box-wrapper{text-align:right;flex-direction:row-reverse}.elementor-widget-image-box.elementor-position-left .elementor-image-box-wrapper{text-align:left;flex-direction:row}.elementor-widget-image-box.elementor-position-top .elementor-image-box-img{margin:auto}.elementor-widget-image-box.elementor-vertical-align-top .elementor-image-box-wrapper{align-items:flex-start}.elementor-widget-image-box.elementor-vertical-align-middle .elementor-image-box-wrapper{align-items:center}.elementor-widget-image-box.elementor-vertical-align-bottom .elementor-image-box-wrapper{align-items:flex-end}}@media (max-width:767px){.elementor-widget-image-box .elementor-image-box-img{margin-left:auto!important;margin-right:auto!important;margin-bottom:15px}}.elementor-widget-image-box .elementor-image-box-img{display:inline-block}.elementor-widget-image-box .elementor-image-box-title a{color:inherit}.elementor-widget-image-box .elementor-image-box-wrapper{text-align:center}.elementor-widget-image-box .elementor-image-box-description{margin:0}<\/style><div class=\"elementor-image-box-wrapper\"><figure class=\"elementor-image-box-img\"><img width=\"827\" height=\"1063\" src=\"https:\/\/www.jh-metal.cz\/wp-content\/uploads\/2021\/10\/1.jpg\" class=\"attachment-full size-full wp-image-482\" alt=\"\" loading=\"lazy\" style=\"width:100%;height:128.54%;max-width:827px\" srcset=\"https:\/\/www.jh-metal.cz\/wp-content\/uploads\/2021\/10\/1.jpg 827w, https:\/\/www.jh-metal.cz\/wp-content\/uploads\/2021\/10\/1-233x300.jpg 233w, https:\/\/www.jh-metal.cz\/wp-content\/uploads\/2021\/10\/1-797x1024.jpg 797w, https:\/\/www.jh-metal.cz\/wp-content\/uploads\/2021\/10\/1-768x987.jpg 768w\" sizes=\"(max-width: 827px) 100vw, 827px\" \/><\/figure><div class=\"elementor-image-box-content\"><h3 class=\"elementor-image-box-title\">Josef Hrn\u010di\u0159\u00edk-Jednatel<\/h3><p class=\"elementor-image-box-description\">V roce 2005 firmu zalo\u017eil a d\u00edky spokojenosti z\u00e1kazn\u00edk\u016f a konzistenci kvality na\u0161\u00ed pr\u00e1ce firma st\u00e1le roste. Jeho \u00fakolem je komunikace se z\u00e1kazn\u00edky, administrace a dohled na to, aby technologie v\u00fdroby v\u017edy odpov\u00eddala po\u017eadavk\u016fm z\u00e1kazn\u00edka. Za zm\u00ednku ur\u010dit\u011b stoj\u00ed, \u017ee stejn\u011b d\u016fle\u017eit\u00e1 je pro n\u011bj i spokojenost na\u0161ich zam\u011bstnanc\u016f. Ostatn\u011b s\u00e1m za\u010d\u00ednal jako b\u011b\u017en\u00fd soustru\u017en\u00edk, ne\u017e se v n\u011bm zrodila my\u0161lenka zalo\u017eit vlastn\u00ed firmu a d\u011blat v\u011bci jinak. <\/p><\/div><\/div>\t\t<\/div>\n\t\t\t\t<\/div>\n\t\t\t\t\t<\/div>\n\t\t<\/div>\n\t\t\t\t\t\t\t<\/div>\n\t\t<\/section>\n\t\t\t\t<section class=\"elementor-section elementor-top-section elementor-element elementor-element-08ba606 elementor-section-boxed elementor-section-height-default elementor-section-height-default\" data-id=\"08ba606\" data-element_type=\"section\">\n\t\t\t\t\t\t<div class=\"elementor-container elementor-column-gap-default\">\n\t\t\t\t\t<div class=\"elementor-column elementor-col-100 elementor-top-column elementor-element elementor-element-843d777\" data-id=\"843d777\" data-element_type=\"column\">\n\t\t\t<div class=\"elementor-widget-wrap elementor-element-populated\">\n\t\t\t\t\t\t\t\t<div class=\"elementor-element elementor-element-1fa1912 elementor-position-top elementor-vertical-align-top elementor-widget elementor-widget-image-box\" data-id=\"1fa1912\" data-element_type=\"widget\" data-widget_type=\"image-box.default\">\n\t\t\t\t<div class=\"elementor-widget-container\">\n\t\t\t<div class=\"elementor-image-box-wrapper\"><figure class=\"elementor-image-box-img\"><img width=\"827\" height=\"1063\" src=\"https:\/\/www.jh-metal.cz\/wp-content\/uploads\/2021\/10\/4.jpg\" class=\"attachment-full size-full wp-image-481\" alt=\"\" loading=\"lazy\" style=\"width:100%;height:128.54%;max-width:827px\" srcset=\"https:\/\/www.jh-metal.cz\/wp-content\/uploads\/2021\/10\/4.jpg 827w, https:\/\/www.jh-metal.cz\/wp-content\/uploads\/2021\/10\/4-233x300.jpg 233w, https:\/\/www.jh-metal.cz\/wp-content\/uploads\/2021\/10\/4-797x1024.jpg 797w, https:\/\/www.jh-metal.cz\/wp-content\/uploads\/2021\/10\/4-768x987.jpg 768w\" sizes=\"(max-width: 827px) 100vw, 827px\" \/><\/figure><div class=\"elementor-image-box-content\"><h3 class=\"elementor-image-box-title\">Radoslava Petr\u016f-Vedouc\u00ed v\u00fdroby<\/h3><p class=\"elementor-image-box-description\">Ve firm\u011b pracuje od roku 2014. Zab\u00fdv\u00e1 se pl\u00e1nov\u00e1n\u00edm v\u00fdroby a komunikac\u00ed se zam\u011bstnanci i z\u00e1kazn\u00edky. M\u00e1 radost z ka\u017ed\u00e9 dob\u0159e odveden\u00e9 pr\u00e1ce, a proto se sna\u017e\u00ed sv\u00e9 spolupracovn\u00edky motivovat k nejlep\u0161\u00edm v\u00fdsledk\u016fm. Pr\u00e1ci deleguje s tis\u00edcinovou p\u0159esnost\u00ed a sv\u00fdmi schopnostmi a postupy v\u017edy doc\u00edl\u00ed maxim\u00e1ln\u00edho \u00fasp\u011bchu a minim\u00e1ln\u00ed zmetkovosti.<\/p><\/div><\/div>\t\t<\/div>\n\t\t\t\t<\/div>\n\t\t\t\t\t<\/div>\n\t\t<\/div>\n\t\t\t\t\t\t\t<\/div>\n\t\t<\/section>\n\t\t\t\t<section class=\"elementor-section elementor-top-section elementor-element elementor-element-c36716f elementor-section-boxed elementor-section-height-default elementor-section-height-default\" data-id=\"c36716f\" data-element_type=\"section\">\n\t\t\t\t\t\t<div class=\"elementor-container elementor-column-gap-default\">\n\t\t\t\t\t<div class=\"elementor-column elementor-col-100 elementor-top-column elementor-element elementor-element-b1f2df6\" data-id=\"b1f2df6\" data-element_type=\"column\">\n\t\t\t<div class=\"elementor-widget-wrap elementor-element-populated\">\n\t\t\t\t\t\t\t\t<div class=\"elementor-element elementor-element-23eb5ca elementor-position-top elementor-vertical-align-top elementor-widget elementor-widget-image-box\" data-id=\"23eb5ca\" data-element_type=\"widget\" data-widget_type=\"image-box.default\">\n\t\t\t\t<div class=\"elementor-widget-container\">\n\t\t\t<div class=\"elementor-image-box-wrapper\"><figure class=\"elementor-image-box-img\"><img width=\"827\" height=\"1063\" src=\"https:\/\/www.jh-metal.cz\/wp-content\/uploads\/2021\/10\/3.jpg\" class=\"attachment-full size-full wp-image-480\" alt=\"\" loading=\"lazy\" style=\"width:100%;height:128.54%;max-width:827px\" srcset=\"https:\/\/www.jh-metal.cz\/wp-content\/uploads\/2021\/10\/3.jpg 827w, https:\/\/www.jh-metal.cz\/wp-content\/uploads\/2021\/10\/3-233x300.jpg 233w, https:\/\/www.jh-metal.cz\/wp-content\/uploads\/2021\/10\/3-797x1024.jpg 797w, https:\/\/www.jh-metal.cz\/wp-content\/uploads\/2021\/10\/3-768x987.jpg 768w\" sizes=\"(max-width: 827px) 100vw, 827px\" \/><\/figure><div class=\"elementor-image-box-content\"><h3 class=\"elementor-image-box-title\">Radka \u010cerve\u0148anov\u00e1-Technik kooperac\u00ed<\/h3><p class=\"elementor-image-box-description\">St\u00e1la p\u0159i sam\u00e9m zrodu firmy. Je zodpov\u011bdn\u00e1 za \u0159\u00e1dnou revizi ka\u017ed\u00e9 zak\u00e1zky a jej\u00ed d\u016fkladnou evidenci a je schopn\u00e1 bez probl\u00e9mu za den ujet stovky kilometr\u016f a rozv\u00e9zt tuny materi\u00e1lu a polotovar\u016f na\u0161im partner\u016fm k obroben\u00ed nebo povrchovk\u00e1m. P\u0159itom n\u00e1m domluv\u00ed co nejrychlej\u0161\u00ed term\u00edny tak, aby n\u00e1m zak\u00e1zky ods\u00fdpaly rychloposuvem. <\/p><\/div><\/div>\t\t<\/div>\n\t\t\t\t<\/div>\n\t\t\t\t\t<\/div>\n\t\t<\/div>\n\t\t\t\t\t\t\t<\/div>\n\t\t<\/section>\n\t\t\t\t\t\t\t<\/div>\n\t\t","protected":false},"excerpt":{"rendered":"<p>Josef Hrn\u010di\u0159\u00edk-Jednatel V roce 2005 firmu zalo\u017eil a d\u00edky spokojenosti z\u00e1kazn\u00edk\u016f a konzistenci kvality na\u0161\u00ed pr\u00e1ce firma st\u00e1le roste. Jeho \u00fakolem je komunikace se z\u00e1kazn\u00edky, administrace a dohled na to, aby technologie v\u00fdroby v\u017edy odpov\u00eddala po\u017eadavk\u016fm z\u00e1kazn\u00edka. Za zm\u00ednku ur\u010dit\u011b stoj\u00ed, \u017ee stejn\u011b d\u016fle\u017eit\u00e1 je pro n\u011bj i spokojenost na\u0161ich zam\u011bstnanc\u016f. Ostatn\u011b s\u00e1m za\u010d\u00ednal jako&hellip; <a class=\"more-link\" href=\"https:\/\/www.jh-metal.cz\/index.php\/nas-team\/\">Pokra\u010dovat ve\u00a0\u010dten\u00ed <span class=\"screen-reader-text\">N\u00e1\u0161 Team<\/span><\/a><\/p>\n","protected":false},"author":1,"featured_media":0,"parent":0,"menu_order":0,"comment_status":"closed","ping_status":"closed","template":"","meta":{"_themeisle_gutenberg_block_has_review":false,"_ti_tpc_template_sync":false,"_ti_tpc_template_id":""},"_links":{"self":[{"href":"https:\/\/www.jh-metal.cz\/index.php\/wp-json\/wp\/v2\/pages\/475"}],"collection":[{"href":"https:\/\/www.jh-metal.cz\/index.php\/wp-json\/wp\/v2\/pages"}],"about":[{"href":"https:\/\/www.jh-metal.cz\/index.php\/wp-json\/wp\/v2\/types\/page"}],"author":[{"embeddable":true,"href":"https:\/\/www.jh-metal.cz\/index.php\/wp-json\/wp\/v2\/users\/1"}],"replies":[{"embeddable":true,"href":"https:\/\/www.jh-metal.cz\/index.php\/wp-json\/wp\/v2\/comments?post=475"}],"version-history":[{"count":18,"href":"https:\/\/www.jh-metal.cz\/index.php\/wp-json\/wp\/v2\/pages\/475\/revisions"}],"predecessor-version":[{"id":1125,"href":"https:\/\/www.jh-metal.cz\/index.php\/wp-json\/wp\/v2\/pages\/475\/revisions\/1125"}],"wp:attachment":[{"href":"https:\/\/www.jh-metal.cz\/index.php\/wp-json\/wp\/v2\/media?parent=475"}],"curies":[{"name":"wp","href":"https:\/\/api.w.org\/{rel}","templated":true}]}}