{"id":427,"date":"2021-10-01T10:39:47","date_gmt":"2021-10-01T10:39:47","guid":{"rendered":"http:\/\/www.jh-metal.cz\/?page_id=427"},"modified":"2021-11-07T13:45:26","modified_gmt":"2021-11-07T13:45:26","slug":"kontakt_form","status":"publish","type":"page","link":"https:\/\/www.jh-metal.cz\/index.php\/kontakt_form\/","title":{"rendered":"Kontaktn\u00ed formul\u00e1\u0159"},"content":{"rendered":"\t\t<div data-elementor-type=\"wp-page\" data-elementor-id=\"427\" class=\"elementor elementor-427\">\n\t\t\t\t\t\t\t\t\t<section class=\"elementor-section elementor-top-section elementor-element elementor-element-d717c71 elementor-section-boxed elementor-section-height-default elementor-section-height-default\" data-id=\"d717c71\" data-element_type=\"section\">\n\t\t\t\t\t\t<div class=\"elementor-container elementor-column-gap-default\">\n\t\t\t\t\t<div class=\"elementor-column elementor-col-100 elementor-top-column elementor-element elementor-element-9ac89ad\" data-id=\"9ac89ad\" data-element_type=\"column\">\n\t\t\t<div class=\"elementor-widget-wrap elementor-element-populated\">\n\t\t\t\t\t\t\t\t<div class=\"elementor-element elementor-element-3b6f8ae elementor-widget elementor-widget-content_form_contact\" data-id=\"3b6f8ae\" data-element_type=\"widget\" data-widget_type=\"content_form_contact.default\">\n\t\t\t\t<div class=\"elementor-widget-container\">\n\t\t\t<form action=\"https:\/\/www.jh-metal.cz\/wp-admin\/admin-post.php\" method=\"post\" name=\"content-form-3b6f8ae\" id=\"content-form-3b6f8ae\" class=\"ti-cf-module content-form content-form-contact content_form_contact\"><input type=\"hidden\" id=\"_wpnonce_contact\" name=\"_wpnonce_contact\" value=\"534eaff2a4\" \/><input type=\"hidden\" name=\"_wp_http_referer\" value=\"\/index.php\/wp-json\/wp\/v2\/pages\/427\" \/><input type=\"hidden\" name=\"action\" value=\"content_form_submit\" \/><input type=\"hidden\" name=\"form-type\" value=\"contact\" \/><input type=\"hidden\" name=\"form-builder\" value=\"elementor\" \/><input type=\"hidden\" name=\"post-id\" value=\"427\" \/><input type=\"hidden\" name=\"form-id\" value=\"3b6f8ae\" \/><fieldset class=\"content-form-field-text elementor-column elementor-col-50\"><label for=\"data[3b6f8ae][name]\" >Jm\u00e9no<span class=\"required-mark\"> *<\/span><\/label><input type=\"text\" name=\"data[3b6f8ae][name]\" id=\"data[3b6f8ae][name]\" required=\"required\"  placeholder=\"Jm\u00e9no...\"><\/fieldset><fieldset class=\"content-form-field-text elementor-column elementor-col-50\"><label for=\"data[3b6f8ae][firma]\" >Firma<\/label><input type=\"text\" name=\"data[3b6f8ae][firma]\" id=\"data[3b6f8ae][firma]\"   placeholder=\"n\u00e1zev spole\u010dnosti...\"><\/fieldset><fieldset class=\"content-form-field-email elementor-column elementor-col-50\"><label for=\"data[3b6f8ae][email]\" >Email<span class=\"required-mark\"> *<\/span><\/label><input type=\"text\" name=\"data[3b6f8ae][email]\" id=\"data[3b6f8ae][email]\" required=\"required\"  placeholder=\"v\u00e1\u0161 email...\"><\/fieldset><fieldset class=\"content-form-field-number elementor-column elementor-col-50\"><label for=\"data[3b6f8ae][phone]\" >Telefon<\/label><input type=\"text\" name=\"data[3b6f8ae][phone]\" id=\"data[3b6f8ae][phone]\"   placeholder=\"123 456 789\"><\/fieldset><fieldset class=\"content-form-field-textarea elementor-column elementor-col-100\"><label for=\"data[3b6f8ae][message]\" >Zpr\u00e1va<span class=\"required-mark\"> *<\/span><\/label><textarea name=\"data[3b6f8ae][message]\" id=\"data[3b6f8ae][message]\"  required=\"required\" placeholder=\"Va\u0161e zpr\u00e1va...\" cols=\"30\" rows=\"5\"><\/textarea><\/fieldset><fieldset class=\"submit-form contact\"><button type=\"submit\" name=\"submit\"  value=\"submit-contact-3b6f8ae\" class=\"\">Odeslat<\/button><\/fieldset><\/form>\t\t<\/div>\n\t\t\t\t<\/div>\n\t\t\t\t\t<\/div>\n\t\t<\/div>\n\t\t\t\t\t\t\t<\/div>\n\t\t<\/section>\n\t\t\t\t\t\t\t<\/div>\n\t\t","protected":false},"excerpt":{"rendered":"<p>Jm\u00e9no * Firma Email * Telefon Zpr\u00e1va * Odeslat<\/p>\n","protected":false},"author":1,"featured_media":0,"parent":0,"menu_order":0,"comment_status":"closed","ping_status":"closed","template":"","meta":{"_themeisle_gutenberg_block_has_review":false,"_ti_tpc_template_sync":false,"_ti_tpc_template_id":""},"_links":{"self":[{"href":"https:\/\/www.jh-metal.cz\/index.php\/wp-json\/wp\/v2\/pages\/427"}],"collection":[{"href":"https:\/\/www.jh-metal.cz\/index.php\/wp-json\/wp\/v2\/pages"}],"about":[{"href":"https:\/\/www.jh-metal.cz\/index.php\/wp-json\/wp\/v2\/types\/page"}],"author":[{"embeddable":true,"href":"https:\/\/www.jh-metal.cz\/index.php\/wp-json\/wp\/v2\/users\/1"}],"replies":[{"embeddable":true,"href":"https:\/\/www.jh-metal.cz\/index.php\/wp-json\/wp\/v2\/comments?post=427"}],"version-history":[{"count":12,"href":"https:\/\/www.jh-metal.cz\/index.php\/wp-json\/wp\/v2\/pages\/427\/revisions"}],"predecessor-version":[{"id":670,"href":"https:\/\/www.jh-metal.cz\/index.php\/wp-json\/wp\/v2\/pages\/427\/revisions\/670"}],"wp:attachment":[{"href":"https:\/\/www.jh-metal.cz\/index.php\/wp-json\/wp\/v2\/media?parent=427"}],"curies":[{"name":"wp","href":"https:\/\/api.w.org\/{rel}","templated":true}]}}